{"id":28,"date":"2025-08-28T19:25:29","date_gmt":"2025-08-28T19:25:29","guid":{"rendered":"https:\/\/carlochristiansen.dk\/?page_id=28"},"modified":"2025-08-28T19:40:21","modified_gmt":"2025-08-28T19:40:21","slug":"forside","status":"publish","type":"page","link":"https:\/\/carlochristiansen.dk\/","title":{"rendered":"Forside"},"content":{"rendered":"<p>[et_pb_section fb_built=&#8221;1&#8243; _builder_version=&#8221;4.27.4&#8243; _module_preset=&#8221;default&#8221; background_image=&#8221;https:\/\/carlochristiansen.dk\/wp-content\/uploads\/2025\/08\/jewelry-artist-13.jpg&#8221; global_colors_info=&#8221;{}&#8221;][et_pb_row _builder_version=&#8221;4.27.4&#8243; _module_preset=&#8221;default&#8221; global_colors_info=&#8221;{}&#8221;][et_pb_column type=&#8221;4_4&#8243; _builder_version=&#8221;4.27.4&#8243; _module_preset=&#8221;default&#8221; hover_enabled=&#8221;0&#8243; global_colors_info=&#8221;{}&#8221; sticky_enabled=&#8221;0&#8243;][et_pb_text _builder_version=&#8221;4.27.4&#8243; _module_preset=&#8221;default&#8221; text_font=&#8221;|800|||||||&#8221; text_font_size=&#8221;55px&#8221; hover_enabled=&#8221;0&#8243; text_text_shadow_style=&#8221;preset3&#8243; global_colors_info=&#8221;{}&#8221; text_orientation=&#8221;center&#8221; sticky_enabled=&#8221;0&#8243;]<\/p>\n<p>Velkommen til Carlo Christiansen<\/p>\n<p>[\/et_pb_text][\/et_pb_column][\/et_pb_row][\/et_pb_section][et_pb_section fb_built=&#8221;1&#8243; _builder_version=&#8221;4.27.4&#8243; _module_preset=&#8221;default&#8221; global_colors_info=&#8221;{}&#8221;][et_pb_row column_structure=&#8221;3_4,1_4&#8243; _builder_version=&#8221;4.27.4&#8243; _module_preset=&#8221;default&#8221; global_colors_info=&#8221;{}&#8221;][et_pb_column type=&#8221;3_4&#8243; _builder_version=&#8221;4.27.4&#8243; _module_preset=&#8221;default&#8221; global_colors_info=&#8221;{}&#8221;][et_pb_text _builder_version=&#8221;4.27.4&#8243; _module_preset=&#8221;default&#8221; global_colors_info=&#8221;{}&#8221;]<\/p>\n<p>D. 1. april 2007 overtog jeg, den ca. 50 \u00e5r gamle og hyggelige forretning, Carlo Christiansen Guld, S\u00f8lv &amp; Ure.<\/p>\n<p>Jeg nyder min travle hverdag sammen med mine \u201dgamle kolleger\u201d, og ikke ansatte, gamle fordi de fleste har v\u00e6ret i forretningen l\u00e6ngere end Jeg og kolleger fordi de var ansat sammen med mig i forretningen da jeg efter l\u00e6ngere tids planl\u00e6gning og forhandlinger med den tidligere ejer B\u00f8rge Bro Christiansen og hans hustru Sanna valgte, at k\u00f8be forretningen.<\/p>\n<p>\u200b<\/p>\n<p>Jeg er selv udl\u00e6rt i denne hyggelige forretning, hvor jeg efter endt l\u00e6retid valgte at afpr\u00f8ve mine evner i en anden smykke og ur forretning. Efter at have v\u00e6ret v\u00e6k i et par \u00e5r vendte jeg tilbage og er som skrevet st\u00e5r endt med at v\u00e6re indehaver. En dr\u00f8m gik i opfyldelse.<\/p>\n<p>Mine kolleger og Jeg, synes Jeg, er et fantastisk team, alle dygtige og fagl\u00e6rte ekspedienter med hvert vores speciale indenfor branchen, der nyder vores travle hverdag her i g\u00e5gadens lille guldparadis i hjertet af Frederikssund. Vi kan slet ikke lade v\u00e6re.<\/p>\n<p>&nbsp;<\/p>\n<p>[\/et_pb_text][\/et_pb_column][et_pb_column type=&#8221;1_4&#8243; _builder_version=&#8221;4.27.4&#8243; _module_preset=&#8221;default&#8221; global_colors_info=&#8221;{}&#8221;][et_pb_image src=&#8221;https:\/\/carlochristiansen.dk\/wp-content\/uploads\/2025\/08\/charlotte.jpg&#8221; title_text=&#8221;charlotte&#8221; _builder_version=&#8221;4.27.4&#8243; _module_preset=&#8221;default&#8221; global_colors_info=&#8221;{}&#8221;][\/et_pb_image][\/et_pb_column][\/et_pb_row][et_pb_row _builder_version=&#8221;4.27.4&#8243; _module_preset=&#8221;default&#8221; global_colors_info=&#8221;{}&#8221;][et_pb_column type=&#8221;4_4&#8243; _builder_version=&#8221;4.27.4&#8243; _module_preset=&#8221;default&#8221; global_colors_info=&#8221;{}&#8221;][et_pb_text _builder_version=&#8221;4.27.4&#8243; _module_preset=&#8221;default&#8221; global_colors_info=&#8221;{}&#8221;]<\/p>\n<p>Vi mener, at det er vores pligt, som fagl\u00e6rte, at vi s\u00e6tter os grundigt ind i dine behov og g\u00f8r os umage for at vejlede dig som kunde, derfor m\u00f8des du med et smil fra du tr\u00e6der ind i forretningen til du g\u00e5r ud igen, vi ved vi har den faglige ekspertise til at vejlede dig og vi h\u00e5ber, at du f\u00f8ler, at du har f\u00e5et en god og professionel vejledning, der har v\u00e6ret med til, at netop dit \u00f8nske eller dr\u00f8m om et smykke eller ur er g\u00e5et i opfyldelse.\u200b<\/p>\n<p>Husk: Det kan godt v\u00e6re vi har travlt og det kan godt v\u00e6re, at der er flere kunder end dig i forretningen, men n\u00e5r det er din tur til at blive ekspederet, s\u00e5 er det din tur, derfor har vi bl.a. indf\u00f8rt et nummersystem s\u00e5 kunderne bliver ekspederet i den r\u00e6kkef\u00f8lge de kom ind i. S\u00e5 beh\u00f8ver vi ikke, at holde \u00f8je med, hvem der skal ekspederes n\u00e6ste gang ligeledes kan de kunder, der venter, bruge ventetiden til at slappe af og nyde vores store udvalg af smykker og ure.<\/p>\n<p>\u200b<\/p>\n<p>VI KALDER DET FREDERIKSSUND SERVICE.\u200b<\/p>\n<p>&#8220;Jeg er stolt af, at kunne videref\u00f8re butikkens mange \u00e5rige tradition for omhyggelig kundepleje og ekspertise.\u200b&#8221;<\/p>\n<p>\u200bDe venligste hilsner<\/p>\n<p>Charlotte Linde Bentzen<\/p>\n<p>[\/et_pb_text][\/et_pb_column][\/et_pb_row][\/et_pb_section]<\/p>\n","protected":false},"excerpt":{"rendered":"<p>Velkommen til Carlo ChristiansenD. 1. april 2007 overtog jeg, den ca. 50 \u00e5r gamle og hyggelige forretning, Carlo Christiansen Guld, S\u00f8lv &amp; Ure. Jeg nyder min travle hverdag sammen med mine \u201dgamle kolleger\u201d, og ikke ansatte, gamle fordi de fleste har v\u00e6ret i forretningen l\u00e6ngere end Jeg og kolleger fordi de var ansat sammen med [&hellip;]<\/p>\n","protected":false},"author":1,"featured_media":0,"parent":0,"menu_order":0,"comment_status":"closed","ping_status":"closed","template":"","meta":{"_et_pb_use_builder":"on","_et_pb_old_content":"","_et_gb_content_width":"","footnotes":""},"class_list":["post-28","page","type-page","status-publish","hentry"],"_links":{"self":[{"href":"https:\/\/carlochristiansen.dk\/index.php?rest_route=\/wp\/v2\/pages\/28","targetHints":{"allow":["GET"]}}],"collection":[{"href":"https:\/\/carlochristiansen.dk\/index.php?rest_route=\/wp\/v2\/pages"}],"about":[{"href":"https:\/\/carlochristiansen.dk\/index.php?rest_route=\/wp\/v2\/types\/page"}],"author":[{"embeddable":true,"href":"https:\/\/carlochristiansen.dk\/index.php?rest_route=\/wp\/v2\/users\/1"}],"replies":[{"embeddable":true,"href":"https:\/\/carlochristiansen.dk\/index.php?rest_route=%2Fwp%2Fv2%2Fcomments&post=28"}],"version-history":[{"count":3,"href":"https:\/\/carlochristiansen.dk\/index.php?rest_route=\/wp\/v2\/pages\/28\/revisions"}],"predecessor-version":[{"id":46,"href":"https:\/\/carlochristiansen.dk\/index.php?rest_route=\/wp\/v2\/pages\/28\/revisions\/46"}],"wp:attachment":[{"href":"https:\/\/carlochristiansen.dk\/index.php?rest_route=%2Fwp%2Fv2%2Fmedia&parent=28"}],"curies":[{"name":"wp","href":"https:\/\/api.w.org\/{rel}","templated":true}]}}